{"id":295,"date":"2014-09-26T17:23:42","date_gmt":"2014-09-26T17:23:42","guid":{"rendered":"http:\/\/192.168.1.104\/enfold-photography\/?page_id=23"},"modified":"2018-01-18T10:24:11","modified_gmt":"2018-01-18T10:24:11","slug":"contacto","status":"publish","type":"page","link":"https:\/\/www.casaruraljarita.com\/en\/contacto\/","title":{"rendered":"Contacto"},"content":{"rendered":"<p>[et_pb_section bb_built=&#8221;1&#8243; admin_label=&#8221;section&#8221; fullwidth=&#8221;on&#8221; specialty=&#8221;off&#8221;][et_pb_fullwidth_map admin_label=&#8221;Fullwidth Map&#8221; zoom_level=&#8221;14&#8243; address_lat=&#8221;27.7146601&#8243; address_lng=&#8221;-17.9771518&#8243; address=&#8221;Calle Asomada del Pueblo, s\/n, 38914 El Pinar, Santa Cruz de Tenerife, Espa\u00f1a&#8221; mouse_wheel=&#8221;off&#8221; mobile_dragging=&#8221;on&#8221; child_filter_saturate=&#8221;100%&#8221;]<\/p>\n<p>[et_pb_map_pin pin_address=&#8221;Calle Asomada del Pueblo, s\/n, 38914 El Pinar, Santa Cruz de Tenerife, Espa\u00f1a&#8221; pin_address_lat=&#8221;27.7146601&#8243; pin_address_lng=&#8221;-17.9771518&#8243;]<\/p>\n<p><img decoding=\"async\" src=\"https:\/\/www.casaruraljarita.com\/wp-content\/uploads\/2017\/03\/logo-200.png\"><\/p>\n<p>Calle Asomada del Pueblo, S\/N (38914) El Pinar, El Hierro &#8211; <strong>Santa Cruz de Tenerife<\/strong><\/p>\n<p>[\/et_pb_map_pin]<\/p>\n<p>[\/et_pb_fullwidth_map][\/et_pb_section][et_pb_section bb_built=&#8221;1&#8243; admin_label=&#8221;section&#8221; fullwidth=&#8221;off&#8221;][et_pb_row admin_label=&#8221;row&#8221; make_fullwidth=&#8221;on&#8221; use_custom_width=&#8221;off&#8221; width_unit=&#8221;on&#8221; use_custom_gutter=&#8221;off&#8221; allow_player_pause=&#8221;off&#8221; parallax=&#8221;off&#8221; parallax_method=&#8221;off&#8221; make_equal=&#8221;off&#8221; parallax_1=&#8221;off&#8221; parallax_method_1=&#8221;off&#8221; parallax_2=&#8221;off&#8221; parallax_method_2=&#8221;off&#8221;][et_pb_column type=&#8221;2_3&#8243;][et_pb_text admin_label=&#8221;TITLE FORM&#8221; background_layout=&#8221;light&#8221; text_orientation=&#8221;left&#8221; use_border_color=&#8221;off&#8221; border_color=&#8221;#ffffff&#8221; border_style=&#8221;solid&#8221; border_color_all=&#8221;#ffffff&#8221; border_style_all=&#8221;solid&#8221;]<\/p>\n<div class=\"marco-formulario\">CONTACT FORM | LA JARITA COTTAGE<\/div>\n<p>[\/et_pb_text][et_pb_text admin_label=&#8221;CONTACT FORM 7&#8243; background_layout=&#8221;light&#8221; text_orientation=&#8221;left&#8221; use_border_color=&#8221;off&#8221; border_color=&#8221;#ffffff&#8221; border_style=&#8221;solid&#8221;]<\/p>\n\n<div class=\"wpcf7 no-js\" id=\"wpcf7-f4098-o2\" lang=\"es-ES\" dir=\"ltr\" data-wpcf7-id=\"4098\">\n<div class=\"screen-reader-response\"><p role=\"status\" aria-live=\"polite\" aria-atomic=\"true\"><\/p> <ul><\/ul><\/div>\n<form action=\"\/en\/wp-json\/wp\/v2\/pages\/295#wpcf7-f4098-o2\" method=\"post\" class=\"wpcf7-form init\" aria-label=\"Formulario de contacto\" novalidate=\"novalidate\" data-status=\"init\">\n<fieldset class=\"hidden-fields-container\"><input type=\"hidden\" name=\"_wpcf7\" value=\"4098\" \/><input type=\"hidden\" name=\"_wpcf7_version\" value=\"6.1.5\" \/><input type=\"hidden\" name=\"_wpcf7_locale\" value=\"es_ES\" \/><input type=\"hidden\" name=\"_wpcf7_unit_tag\" value=\"wpcf7-f4098-o2\" \/><input type=\"hidden\" name=\"_wpcf7_container_post\" value=\"0\" \/><input type=\"hidden\" name=\"_wpcf7_posted_data_hash\" value=\"\" \/><input type=\"hidden\" name=\"_wpcf7dtx_version\" value=\"5.0.5\" \/><input type=\"hidden\" name=\"_wpcf7_recaptcha_response\" value=\"\" \/>\n<\/fieldset>\n<div id=\"responsive-form\" class=\"clearfix\">\n\t<div class=\"form-row\">\n\t\t<div class=\"column-half\">\n\t\t\t<p>Name * <span class=\"wpcf7-form-control-wrap\" data-name=\"nombre\"><input size=\"40\" maxlength=\"400\" class=\"wpcf7-form-control wpcf7-text wpcf7-validates-as-required\" aria-required=\"true\" aria-invalid=\"false\" value=\"\" type=\"text\" name=\"nombre\" \/><\/span>\n\t\t\t<\/p>\n\t\t<\/div>\n\t\t<div class=\"column-half\">\n\t\t\t<p>Surname <span class=\"wpcf7-form-control-wrap\" data-name=\"apellidos\"><input size=\"40\" maxlength=\"400\" class=\"wpcf7-form-control wpcf7-text\" aria-invalid=\"false\" value=\"\" type=\"text\" name=\"apellidos\" \/><\/span>\n\t\t\t<\/p>\n\t\t<\/div>\n\t<\/div>\n\t<div class=\"form-row\">\n\t\t<div class=\"column-half\">\n\t\t\t<p>Email * <span class=\"wpcf7-form-control-wrap\" data-name=\"email\"><input size=\"40\" maxlength=\"400\" class=\"wpcf7-form-control wpcf7-email wpcf7-validates-as-required wpcf7-text wpcf7-validates-as-email\" aria-required=\"true\" aria-invalid=\"false\" value=\"\" type=\"email\" name=\"email\" \/><\/span>\n\t\t\t<\/p>\n\t\t<\/div>\n\t\t<div class=\"column-half\">\n\t\t\t<p>Phone * <span class=\"wpcf7-form-control-wrap\" data-name=\"telefono\"><input size=\"40\" maxlength=\"400\" class=\"wpcf7-form-control wpcf7-tel wpcf7-validates-as-required wpcf7-text wpcf7-validates-as-tel\" aria-required=\"true\" aria-invalid=\"false\" value=\"\" type=\"tel\" name=\"telefono\" \/><\/span>\n\t\t\t<\/p>\n\t\t<\/div>\n\t<\/div>\n\t<div class=\"form-row\">\n\t\t<div class=\"column-full\">\n\t\t\t<p>Subject <span class=\"wpcf7-form-control-wrap asunto\" data-name=\"asunto\"><input type=\"text\" name=\"asunto\" class=\"wpcf7-form-control wpcf7-text wpcf7dtx wpcf7dtx-text\" aria-invalid=\"false\"><\/span>\n\t\t\t<\/p>\n\t\t<\/div>\n\t<\/div>\n\t<div class=\"form-row\">\n\t\t<div class=\"column-full\">\n\t\t\t<p>Your message <span class=\"wpcf7-form-control-wrap\" data-name=\"mensaje\"><textarea cols=\"40\" rows=\"10\" maxlength=\"2000\" class=\"wpcf7-form-control wpcf7-textarea\" aria-invalid=\"false\" name=\"mensaje\"><\/textarea><\/span>\n\t\t\t<\/p>\n\t\t<\/div>\n\t<\/div>\n\t<div class=\"form-row\">\n\t\t<div class=\"column-full\">\n\t\t<\/div>\n\t<\/div>\n\t<div class=\"form-row\">\n\t\t<div class=\"column-full\">\n\t\t\t<div class=\"marco\">\n\t\t\t\t<p><span class=\"wpcf7-form-control-wrap\" data-name=\"acceptance-128\"><span class=\"wpcf7-form-control wpcf7-acceptance\"><span class=\"wpcf7-list-item\"><label><input type=\"checkbox\" name=\"acceptance-128\" value=\"1\" class=\"aceptacion\" aria-invalid=\"false\" \/><span class=\"wpcf7-list-item-label\">You accept our <a href=\"https:\/\/www.casaruraljarita.com\/en\/politica-de-privacidad\/\" target=\"_blank\" class=\"privacidad\">Terms and Conditions and Privacy Policy<\/a> by sending this form. <strong>CASA RURAL LA JARITA<\/strong> garantees that all data availables in this form will be proccessed with the limitations and rights conceived by law.<\/span><\/label><\/span><\/span><\/span>\n\t\t\t\t<\/p>\n\t\t\t<\/div>\n\t\t<\/div>\n\t<\/div>\n\t<div class=\"form-row\">\n\t\t<div class=\"column-half\">\n\t\t\t<p><input class=\"wpcf7-form-control wpcf7-submit has-spinner\" type=\"submit\" value=\"Send Form\" \/>\n\t\t\t<\/p>\n\t\t<\/div>\n\t\t<div class=\"column-half\">\n\t\t\t<p><input type=\"reset\" value=\"Reset\" class=\"wpcf7-clear\" \/>\n\t\t\t<\/p>\n\t\t<\/div>\n\t<\/div>\n<\/div><!--end responsive-form--><div class=\"wpcf7-response-output\" aria-hidden=\"true\"><\/div>\n<\/form>\n<\/div>\n\n<p>[\/et_pb_text][\/et_pb_column][et_pb_column type=&#8221;1_3&#8243;][et_pb_text admin_label=&#8221;MORE INFO&#8221; background_layout=&#8221;light&#8221; text_orientation=&#8221;left&#8221; use_border_color=&#8221;off&#8221; border_color=&#8221;#ffffff&#8221; border_style=&#8221;solid&#8221; border_color_all=&#8221;#ffffff&#8221; border_style_all=&#8221;solid&#8221;]<\/p>\n<div class=\"marco-info\">MORE INFORMATION<\/div>\n<p>[\/et_pb_text][et_pb_text admin_label=&#8221;Text&#8221; background_layout=&#8221;light&#8221; use_border_color=&#8221;off&#8221; text_text_color=&#8221;#000000&#8243; border_color_all=&#8221;#ffffff&#8221; _builder_version=&#8221;3.0.91&#8243;]<\/p>\n<div class=\"informacion\">\n<p>Thanks for trusting us. For any questions please contact us. We will answer as soon as possible.<\/p>\n<p><strong><i class=\"fa fa-home\" aria-hidden=\"true\"><\/i>&nbsp; Address:<\/strong> Calle Asomada del Pueblo, S\/N, 38914 El Pinar, El Hierro<br \/><strong>Santa Cruz de Tenerife<\/strong><\/p>\n<p>&nbsp;<\/p>\n<div class=\"marco-info\">CONTACT PHONES<\/div>\n<\/div>\n<p>[\/et_pb_text][et_pb_button admin_label=&#8221;Tel 1&#8243; _builder_version=&#8221;3.0.91&#8243; button_text=&#8221;0034 679 312 959&#8243; button_url=&#8221;tel:+34679312959&#8243; url_new_window=&#8221;off&#8221; button_alignment=&#8221;center&#8221; background_layout=&#8221;dark&#8221; custom_button=&#8221;on&#8221; button_icon_placement=&#8221;left&#8221; button_text_size=&#8221;16&#8243; button_text_color=&#8221;#3e5e00&#8243; button_bg_color=&#8221;rgba(62,94,0,0)&#8221; button_border_width=&#8221;1&#8243; button_border_color=&#8221;rgba(62,94,0,0)&#8221; button_border_radius=&#8221;0&#8243; button_text_color_hover=&#8221;#3e5e00&#8243; button_bg_color_hover=&#8221;rgba(95,126,37,0)&#8221; button_border_color_hover=&#8221;#3e5e00&#8243; button_border_radius_hover=&#8221;0&#8243; custom_css_main_element=&#8221;width: 100%;||border-bottom: 1px solid #3e5e00 !important;&#8221; button_icon=&#8221;%%104%%&#8221; button_icon_color=&#8221;#3e5e00&#8243; saved_tabs=&#8221;all&#8221; global_module=&#8221;4271&#8243; \/][et_pb_button admin_label=&#8221;Tel 2&#8243; _builder_version=&#8221;3.0.91&#8243; button_text=&#8221;0034 922 558 971&#8243; button_url=&#8221;tel:+34922558971&#8243; url_new_window=&#8221;off&#8221; button_alignment=&#8221;center&#8221; background_layout=&#8221;dark&#8221; custom_button=&#8221;on&#8221; button_icon_placement=&#8221;left&#8221; button_text_size=&#8221;16&#8243; button_text_color=&#8221;#3e5e00&#8243; button_bg_color=&#8221;rgba(62,94,0,0)&#8221; button_border_width=&#8221;1&#8243; button_border_color=&#8221;rgba(62,94,0,0)&#8221; button_border_radius=&#8221;0&#8243; button_text_color_hover=&#8221;#3e5e00&#8243; button_bg_color_hover=&#8221;rgba(95,126,37,0)&#8221; button_border_color_hover=&#8221;#3e5e00&#8243; button_border_radius_hover=&#8221;0&#8243; custom_css_main_element=&#8221;width: 100%;||border-bottom: 1px solid #3e5e00 !important;&#8221; button_icon=&#8221;%%264%%&#8221; button_icon_color=&#8221;#3e5e00&#8243; saved_tabs=&#8221;all&#8221; global_module=&#8221;4272&#8243; \/][et_pb_button admin_label=&#8221;Tel 3&#8243; _builder_version=&#8221;3.0.91&#8243; button_text=&#8221;0034 922 646 671&#8243; button_url=&#8221;tel:+34922646671&#8243; url_new_window=&#8221;off&#8221; button_alignment=&#8221;center&#8221; background_layout=&#8221;dark&#8221; custom_button=&#8221;on&#8221; button_icon_placement=&#8221;left&#8221; button_text_size=&#8221;16&#8243; button_text_color=&#8221;#3e5e00&#8243; button_bg_color=&#8221;rgba(62,94,0,0)&#8221; button_border_width=&#8221;1&#8243; button_border_color=&#8221;rgba(62,94,0,0)&#8221; button_border_radius=&#8221;0&#8243; button_text_color_hover=&#8221;#3e5e00&#8243; button_bg_color_hover=&#8221;rgba(95,126,37,0)&#8221; button_border_color_hover=&#8221;#3e5e00&#8243; button_border_radius_hover=&#8221;0&#8243; custom_css_main_element=&#8221;width: 100%;||border-bottom: 1px solid #3e5e00 !important;&#8221; button_icon=&#8221;%%264%%&#8221; button_icon_color=&#8221;#3e5e00&#8243; saved_tabs=&#8221;all&#8221; global_module=&#8221;4273&#8243; \/][\/et_pb_column][\/et_pb_row][\/et_pb_section][et_pb_section bb_built=&#8221;1&#8243; admin_label=&#8221;Section&#8221; fullwidth=&#8221;off&#8221; specialty=&#8221;off&#8221; parallax_method=&#8221;off&#8221; custom_padding=&#8221;0px||0px|&#8221; background_color=&#8221;#3c3d41&#8243; _builder_version=&#8221;3.0.91&#8243; global_module=&#8221;4275&#8243;][et_pb_row admin_label=&#8221;Row&#8221; global_parent=&#8221;4275&#8243; make_fullwidth=&#8221;on&#8221; use_custom_width=&#8221;off&#8221; width_unit=&#8221;on&#8221; use_custom_gutter=&#8221;off&#8221; gutter_width=&#8221;2&#8243; padding_mobile=&#8221;on&#8221; allow_player_pause=&#8221;off&#8221; parallax=&#8221;off&#8221; parallax_method=&#8221;off&#8221; make_equal=&#8221;off&#8221; parallax_1=&#8221;off&#8221; parallax_method_1=&#8221;off&#8221; column_padding_mobile=&#8221;on&#8221; custom_padding=&#8221;30px||30px|&#8221; parallax_2=&#8221;off&#8221; parallax_method_2=&#8221;off&#8221; parallax_3=&#8221;off&#8221; parallax_method_3=&#8221;off&#8221;][et_pb_column type=&#8221;2_3&#8243;][et_pb_text admin_label=&#8221;Text&#8221; global_parent=&#8221;4275&#8243; background_layout=&#8221;light&#8221; text_font=&#8221;Raleway|on|||&#8221; text_font_size=&#8221;28&#8243; text_text_color=&#8221;#ffffff&#8221; text_line_height=&#8221;1.4em&#8221; use_border_color=&#8221;off&#8221; custom_margin=&#8221;||8px|&#8221; custom_css_main_element=&#8221;font-weight: 800;&#8221; border_color_all=&#8221;#ffffff&#8221; _builder_version=&#8221;3.0.91&#8243;]<\/p>\n<div><span style=\"font-weight: normal;vertical-align: middle;color: #ededed;font-size: 12px\">\u00a9 2018. Casa Rural La Jarita &nbsp;|&nbsp; Design &amp; Hosting by <a href=\"https:\/\/www.hgmnetwork.com\" class=\"link-footer\">HGM NETWORK<\/a> &nbsp;|&nbsp; <a href=\"https:\/\/www.casaruraljarita.com\/en\/politica-de-cookies\/\" class=\"link-footer\">Cookies Policy<\/a><\/span><\/div>\n<p>[\/et_pb_text][\/et_pb_column][et_pb_column type=&#8221;1_3&#8243;][et_pb_social_media_follow admin_label=&#8221;Social Media Follow&#8221; global_parent=&#8221;4275&#8243; link_shape=&#8221;circle&#8221; background_layout=&#8221;light&#8221; url_new_window=&#8221;off&#8221; follow_button=&#8221;off&#8221; custom_css_main_element=&#8221;float:right;&#8221; border_radii=&#8221;on|100%|100%|100%|100%&#8221;]<\/p>\n<p>[et_pb_social_media_follow_network social_network=&#8221;facebook&#8221; url=&#8221;https:\/\/www.facebook.com\/C.R.Jarita&#8221; skype_action=&#8221;call&#8221; bg_color=&#8221;#3b5998&#8243;]<\/p>\n<p>Facebook<\/p>\n<p>[\/et_pb_social_media_follow_network]<\/p>\n<p>[\/et_pb_social_media_follow][\/et_pb_column][\/et_pb_row][\/et_pb_section]<\/p>","protected":false},"excerpt":{"rendered":"<p>Calle Asomada del Pueblo, S\/N (38914) El Pinar, El Hierro &#8211; Santa Cruz de Tenerife CONTACT FORM | LA JARITA COTTAGE \n<div class=\"wpcf7 no-js\" id=\"wpcf7-f4098-o4\" lang=\"es-ES\" dir=\"ltr\" data-wpcf7-id=\"4098\">\n<div class=\"screen-reader-response\"><p role=\"status\" aria-live=\"polite\" aria-atomic=\"true\"><\/p> <ul><\/ul><\/div>\n<form action=\"\/en\/wp-json\/wp\/v2\/pages\/295#wpcf7-f4098-o4\" method=\"post\" class=\"wpcf7-form init\" aria-label=\"Formulario de contacto\" novalidate=\"novalidate\" data-status=\"init\">\n<fieldset class=\"hidden-fields-container\"><input type=\"hidden\" name=\"_wpcf7\" value=\"4098\" \/><input type=\"hidden\" name=\"_wpcf7_version\" value=\"6.1.5\" \/><input type=\"hidden\" name=\"_wpcf7_locale\" value=\"es_ES\" \/><input type=\"hidden\" name=\"_wpcf7_unit_tag\" value=\"wpcf7-f4098-o4\" \/><input type=\"hidden\" name=\"_wpcf7_container_post\" value=\"0\" \/><input type=\"hidden\" name=\"_wpcf7_posted_data_hash\" value=\"\" \/><input type=\"hidden\" name=\"_wpcf7dtx_version\" value=\"5.0.5\" \/><input type=\"hidden\" name=\"_wpcf7_recaptcha_response\" value=\"\" \/>\n<\/fieldset>\n<div id=\"responsive-form\" class=\"clearfix\">\n\t<div class=\"form-row\">\n\t\t<div class=\"column-half\">\n\t\t\t<p>Name * <span class=\"wpcf7-form-control-wrap\" data-name=\"nombre\"><input size=\"40\" maxlength=\"400\" class=\"wpcf7-form-control wpcf7-text wpcf7-validates-as-required\" aria-required=\"true\" aria-invalid=\"false\" value=\"\" type=\"text\" name=\"nombre\" \/><\/span>\n\t\t\t<\/p>\n\t\t<\/div>\n\t\t<div class=\"column-half\">\n\t\t\t<p>Surname <span class=\"wpcf7-form-control-wrap\" data-name=\"apellidos\"><input size=\"40\" maxlength=\"400\" class=\"wpcf7-form-control wpcf7-text\" aria-invalid=\"false\" value=\"\" type=\"text\" name=\"apellidos\" \/><\/span>\n\t\t\t<\/p>\n\t\t<\/div>\n\t<\/div>\n\t<div class=\"form-row\">\n\t\t<div class=\"column-half\">\n\t\t\t<p>Email * <span class=\"wpcf7-form-control-wrap\" data-name=\"email\"><input size=\"40\" maxlength=\"400\" class=\"wpcf7-form-control wpcf7-email wpcf7-validates-as-required wpcf7-text wpcf7-validates-as-email\" aria-required=\"true\" aria-invalid=\"false\" value=\"\" type=\"email\" name=\"email\" \/><\/span>\n\t\t\t<\/p>\n\t\t<\/div>\n\t\t<div class=\"column-half\">\n\t\t\t<p>Phone * <span class=\"wpcf7-form-control-wrap\" data-name=\"telefono\"><input size=\"40\" maxlength=\"400\" class=\"wpcf7-form-control wpcf7-tel wpcf7-validates-as-required wpcf7-text wpcf7-validates-as-tel\" aria-required=\"true\" aria-invalid=\"false\" value=\"\" type=\"tel\" name=\"telefono\" \/><\/span>\n\t\t\t<\/p>\n\t\t<\/div>\n\t<\/div>\n\t<div class=\"form-row\">\n\t\t<div class=\"column-full\">\n\t\t\t<p>Subject <span class=\"wpcf7-form-control-wrap asunto\" data-name=\"asunto\"><input type=\"text\" name=\"asunto\" class=\"wpcf7-form-control wpcf7-text wpcf7dtx wpcf7dtx-text\" aria-invalid=\"false\"><\/span>\n\t\t\t<\/p>\n\t\t<\/div>\n\t<\/div>\n\t<div class=\"form-row\">\n\t\t<div class=\"column-full\">\n\t\t\t<p>Your message <span class=\"wpcf7-form-control-wrap\" data-name=\"mensaje\"><textarea cols=\"40\" rows=\"10\" maxlength=\"2000\" class=\"wpcf7-form-control wpcf7-textarea\" aria-invalid=\"false\" name=\"mensaje\"><\/textarea><\/span>\n\t\t\t<\/p>\n\t\t<\/div>\n\t<\/div>\n\t<div class=\"form-row\">\n\t\t<div class=\"column-full\">\n\t\t<\/div>\n\t<\/div>\n\t<div class=\"form-row\">\n\t\t<div class=\"column-full\">\n\t\t\t<div class=\"marco\">\n\t\t\t\t<p><span class=\"wpcf7-form-control-wrap\" data-name=\"acceptance-128\"><span class=\"wpcf7-form-control wpcf7-acceptance\"><span class=\"wpcf7-list-item\"><label><input type=\"checkbox\" name=\"acceptance-128\" value=\"1\" class=\"aceptacion\" aria-invalid=\"false\" \/><span class=\"wpcf7-list-item-label\">You accept our <a href=\"https:\/\/www.casaruraljarita.com\/en\/politica-de-privacidad\/\" target=\"_blank\" class=\"privacidad\">Terms and Conditions and Privacy Policy<\/a> by sending this form. <strong>CASA RURAL LA JARITA<\/strong> garantees that all data availables in this form will be proccessed with the limitations and rights conceived by law.<\/span><\/label><\/span><\/span><\/span>\n\t\t\t\t<\/p>\n\t\t\t<\/div>\n\t\t<\/div>\n\t<\/div>\n\t<div class=\"form-row\">\n\t\t<div class=\"column-half\">\n\t\t\t<p><input class=\"wpcf7-form-control wpcf7-submit has-spinner\" type=\"submit\" value=\"Send Form\" \/>\n\t\t\t<\/p>\n\t\t<\/div>\n\t\t<div class=\"column-half\">\n\t\t\t<p><input type=\"reset\" value=\"Reset\" class=\"wpcf7-clear\" \/>\n\t\t\t<\/p>\n\t\t<\/div>\n\t<\/div>\n<\/div><!--end responsive-form--><div class=\"wpcf7-response-output\" aria-hidden=\"true\"><\/div>\n<\/form>\n<\/div>\n MORE INFORMATION Thanks for trusting us. For any questions please contact us. We will answer as soon as possible. &nbsp; Address: Calle Asomada del Pueblo, S\/N, 38914 El Pinar, [&hellip;]<\/p>\n","protected":false},"author":1,"featured_media":0,"parent":0,"menu_order":0,"comment_status":"closed","ping_status":"closed","template":"","meta":{"_et_pb_use_builder":"on","_et_pb_old_content":"[av_google_map height='2.2:1' zoom='15' saturation='-50' hue='#5f7d24' zoom_control='aviaTBzoom_control']\r\n[av_gmap_location address='Calle Asomada del Pueblo' city='El Pinar' country='Espa\u00f1a' long='-17.977342499999963' lat='27.7172078' marker='' imagesize='40' tooltip_display=''][\/av_gmap_location]\r\n\r\n[\/av_google_map]\r\n\r\n[av_layout_row border='' min_height='0' color='main_color' mobile='av-flex-cells']\r\n[av_cell_one_half vertical_align='top' padding='30px' background_color='' src='' background_attachment='scroll' background_position='top left' background_repeat='no-repeat']\r\n\r\n[av_heading tag='h3' padding='10' heading='Cont\u00e1ctanos' color='' style='' custom_font='' size='' subheading_active='' subheading_size='15' custom_class='' admin_preview_bg=''][\/av_heading]\r\n\r\n[av_contact email='wordpress@hgmnetwork.com' title='' button='Enviar Formulario' on_send='' sent='Su mensaje ha sido env\u00edado con \u00e9xito!' link='manually,http:\/\/' subject='' autorespond='Gracias por contactar con Casa Rural La Jarita. En breve nos pondremos en contacto con usted.' captcha='active' form_align='' color='' admin_preview_bg='']\r\n[av_contact_field label='Nombre' type='text' options='' check='is_empty' width='element_half' multi_select='' av_contact_preselect=''][\/av_contact_field]\r\n[av_contact_field label='Apellidos' type='text' options='' check='' width='element_half' multi_select='' av_contact_preselect=''][\/av_contact_field]\r\n[av_contact_field label='Pa\u00eds' type='text' options='' check='' width='element_half' multi_select='' av_contact_preselect=''][\/av_contact_field]\r\n[av_contact_field label='Tel\u00e9fono' type='text' options='' check='is_phone' width='element_half' multi_select='' av_contact_preselect=''][\/av_contact_field]\r\n[av_contact_field label='Email' type='text' options='' check='is_email' width='' multi_select='' av_contact_preselect=''][\/av_contact_field]\r\n[av_contact_field label='Su mensaje' type='textarea' options='' check='' width='' multi_select='' av_contact_preselect=''][\/av_contact_field]\r\n[\/av_contact]\r\n\r\n[av_textblock size='' font_color='' color='' admin_preview_bg='']\r\n<div class=\"marco\"><span style=\"color: #ffffff; font-weight: bold;\">CASA RURAL LA JARITA<\/span> garantiza que todos los datos contenidos en el cuestionario ser\u00e1n tratados de la forma y con las limitaciones y derechos que concede la <span style=\"color: #ffffff; font-weight: bold;\">Ley Org\u00e1nica 15\/99, del 13 de Diciembre, de Protecci\u00f3n de Datos de Car\u00e1cter Personal (LOPD)<\/span>.<\/div>\r\n[\/av_textblock]\r\n\r\n[\/av_cell_one_half][av_cell_one_half vertical_align='top' padding='30px' background_color='' src='' background_attachment='scroll' background_position='top left' background_repeat='no-repeat']\r\n\r\n[av_heading tag='h3' padding='10' heading='M\u00e1s Informaci\u00f3n' color='' style='' custom_font='' size='' subheading_active='' subheading_size='15' custom_class='' admin_preview_bg=''][\/av_heading]\r\n\r\n[av_textblock size='' font_color='' color='' admin_preview_bg='']\r\n<strong><span style=\"color: #435b21;\">Casa Rural La Jarita<\/span>\r\n<span style=\"color: #435b21;\">E-Mail:<\/span><\/strong> info@casaruraljarita.com\r\n<span style=\"color: #435b21; font-weight: bold;\">Direcci\u00f3n:<\/span> Calle Asomada del Pueblo, S\/N (38914) El Pinar - Santa Cruz de Tenerife\r\n<strong><span style=\"color: #435b21;\">Tel\u00e9fonos:<\/span>\u00a0<\/strong> (0034) 679 312 959 - (0034) 922 558 971 - 922 646 671\r\n[\/av_textblock]\r\n\r\n[av_heading tag='h3' padding='10' heading='Lugares de Inter\u00e9s' color='' style='' custom_font='' size='' subheading_active='' subheading_size='15' custom_class='' admin_preview_bg=''][\/av_heading]\r\n\r\n[av_textblock size='' font_color='' color='' admin_preview_bg='']\r\n<span style=\"color: #435b21; font-weight: bold;\">15 km: Tacor\u00f3n<\/span>\r\nZona de ba\u00f1o, situada en el Mar de las Calmas. Donde se puede realizar snorkeling, muy cerca de la Reserva Marina.\r\n\r\n<span style=\"color: #435b21; font-weight: bold;\">0 km: Sendero<\/span>\r\nLa vivienda se encuentra muy cerca del comienzo de varios senderos hacia Las Playas y hacia el Mirador de las Playas, Este sendero de las Playas se puede hacerse circular, salida en direcci\u00f3n hacia el Parador de Turismo (tomarse un caf\u00e9) darse un ba\u00f1o en las Playas y subir el sendero hacia el Mirador de Isora, parar a tomar algo en Isora y bordear la monta\u00f1a hasta el Mirador de Las Playas con regreso a Las Casas (La Jarita). Es un sendero de aproximadamente 8 horas y hay que estar bien preparados. Tambi\u00e9n hay acceso a senderos que se dirigen hacia el bosque de pinos de El Pinar y la zona recreativa de El Morcillo.\r\n\r\n<span style=\"color: #435b21; font-weight: bold;\">18 km: La Restinga<\/span>\r\nPueblo de pescadores, donde se encuentran la mayor cantidad de centros de buceo, para realizar submarinismo. Al mismo tiempo existen varios restaurantes donde su especialidad es el pescado fresco.\r\n[\/av_textblock]\r\n\r\n[\/av_cell_one_half]\r\n[\/av_layout_row]","_et_gb_content_width":"","footnotes":""},"class_list":["post-295","page","type-page","status-publish","hentry"],"_links":{"self":[{"href":"https:\/\/www.casaruraljarita.com\/en\/wp-json\/wp\/v2\/pages\/295","targetHints":{"allow":["GET"]}}],"collection":[{"href":"https:\/\/www.casaruraljarita.com\/en\/wp-json\/wp\/v2\/pages"}],"about":[{"href":"https:\/\/www.casaruraljarita.com\/en\/wp-json\/wp\/v2\/types\/page"}],"author":[{"embeddable":true,"href":"https:\/\/www.casaruraljarita.com\/en\/wp-json\/wp\/v2\/users\/1"}],"replies":[{"embeddable":true,"href":"https:\/\/www.casaruraljarita.com\/en\/wp-json\/wp\/v2\/comments?post=295"}],"version-history":[{"count":69,"href":"https:\/\/www.casaruraljarita.com\/en\/wp-json\/wp\/v2\/pages\/295\/revisions"}],"predecessor-version":[{"id":4292,"href":"https:\/\/www.casaruraljarita.com\/en\/wp-json\/wp\/v2\/pages\/295\/revisions\/4292"}],"wp:attachment":[{"href":"https:\/\/www.casaruraljarita.com\/en\/wp-json\/wp\/v2\/media?parent=295"}],"curies":[{"name":"wp","href":"https:\/\/api.w.org\/{rel}","templated":true}]}}