{"id":4316,"date":"2018-05-29T10:20:44","date_gmt":"2018-05-29T10:20:44","guid":{"rendered":"https:\/\/www.casaruraljarita.com\/?page_id=4316"},"modified":"2018-07-04T12:22:07","modified_gmt":"2018-07-04T12:22:07","slug":"politica-de-privacidad","status":"publish","type":"page","link":"https:\/\/www.casaruraljarita.com\/de\/politica-de-privacidad\/","title":{"rendered":"Datenschutzrichtlinie"},"content":{"rendered":"<p>[et_pb_section bb_built=&#8221;1&#8243; next_background_color=&#8221;#ffffff&#8221; _builder_version=&#8221;3.2&#8243; background_color=&#8221;#5f7e25&#8243;][et_pb_row][et_pb_column type=&#8221;4_4&#8243;][et_pb_text admin_label=&#8221;Datenschutzrichtlinie&#8221; _builder_version=&#8221;3.2&#8243; text_font=&#8221;|700|||||||&#8221; text_text_color=&#8221;#ffffff&#8221; text_font_size=&#8221;30&#8243; text_font_size_phone=&#8221;18&#8243; text_font_size_last_edited=&#8221;on|phone&#8221; text_orientation=&#8221;center&#8221;]<\/p>\n<p>Datenschutzrichtlinie<\/p>\n<p>[\/et_pb_text][\/et_pb_column][\/et_pb_row][\/et_pb_section][et_pb_section bb_built=&#8221;1&#8243; fullwidth=&#8221;off&#8221; specialty=&#8221;off&#8221; prev_background_color=&#8221;#5f7e25&#8243; next_background_color=&#8221;#3c3d41&#8243;][et_pb_row _builder_version=&#8221;3.2&#8243; make_fullwidth=&#8221;on&#8221; custom_padding=&#8221;20px|20px|20px|20px&#8221; border_width_all=&#8221;1px&#8221; border_color_all=&#8221;#5f7e25&#8243;][et_pb_column type=&#8221;4_4&#8243;][et_pb_text _builder_version=&#8221;3.2&#8243; text_text_color=&#8221;#000000&#8243; text_orientation=&#8221;justified&#8221;]<\/p>\n<div style=\"overflow-x:auto;\">\n<table class=\"lopdtable\">\n<tr>\n<td class=\"td1\">Verantwortungsvolle Behandlung<\/td>\n<td class=\"td-razonsocial\">Firmenname: Rub\u00e9n Acosta Morales<br \/>\n\tNIF\/CIF: 78559253Q<br \/>\n\tAddresse: Calle Asomada del Pueblo, S\/N &#8211; <strong>38914 El Pinar, El Hierro (TENERIFE)<\/strong><br \/>\n\tEmail: <a href=\"mailto:info@casaruraljarita.com\" class=\"lopd\">info@casaruraljarita.com<\/a><br \/>\n\tTelefon: <a href=\"tel:+34679312959\" class=\"lopd\">679 312 959<\/a><br \/>\n\t<a href=\"tel:+34922558971\" class=\"lopd\">922 558 971<\/a><br \/>\n\t<a href=\"tel:+34922646671\" class=\"lopd\">922 646 671<\/a>\n\t<\/td>\n<\/tr>\n<tr>\n<td class=\"td1\">Zweck<\/td>\n<td class=\"td2\">Es sind die Informationen, die von den interessierten Personen zur Verf\u00fcgung gestellt werden, um die Lieferung der von ihnen angeforderten Informationen zu verwalten, die Interessenten mit Angeboten von Produkten und Dienstleistungen zu versorgen, die f\u00fcr sie von Interesse sind, und ihre Benutzererfahrung zu verbessern, erforderlichenfalls kommerzielles Profil, basierend auf den bereitgestellten Informationen. Basierend auf diesem Profil werden keine automatisierten Entscheidungen getroffen. Die zur Verf\u00fcgung gestellten personenbezogenen Daten werden so lange aufbewahrt, wie die Gesch\u00e4ftsbeziehung aufrechterhalten wird, und ihre L\u00f6schung wird von der interessierten Partei nicht verlangt.<\/td>\n<\/tr>\n<tr>\n<td class=\"td1\">Legitimierung<\/td>\n<td class=\"td2\">F\u00fcr die Verarbeitung ihrer Daten und das voraussichtliche Angebot von Produkten und Dienstleistungen wird die Zustimmung des Interessenten eingeholt.<\/td>\n<\/tr>\n<tr>\n<td class=\"td1\">Empf\u00e4nger<\/td>\n<td class=\"td2\">Personenbezogene Daten werden nicht an Dritte weitergegeben, au\u00dfer in deren Fall, andere Konzerngesellschaften f\u00fcr interne Verwaltungszwecke.<\/td>\n<\/tr>\n<tr>\n<td class=\"td1\">Geb\u00fchr<\/td>\n<td class=\"td2\">Interessierte Personen haben das Recht auf Zugang zu ihren personenbezogenen Daten sowie auf die Berichtigung unrichtiger Daten oder gegebenenfalls auf L\u00f6schung, wenn die Daten f\u00fcr die erhobenen Zwecke nicht mehr ben\u00f6tigt werden. Auch Personen, die an bestimmten Umst\u00e4nden interessiert sind, k\u00f6nnen der Verarbeitung ihrer Daten widersprechen. Sie haben auch das Recht, die erteilte Einwilligung zur\u00fcckzuziehen und bei der Kontrollbeh\u00f6rde geltend zu machen. Um Ihre Rechte auszu\u00fcben, m\u00fcssen Sie sich an die in der ersten Box angegebene Adresse wenden. zusammen mit einer Kopie des Ausweises der interessierten Partei.<\/td>\n<\/tr>\n<\/table>\n<\/div>\n<p>&nbsp;<\/p>\n<p><strong>NUTZUNGSBEDINGUNGEN<\/strong><\/p>\n<p>Der Zugriff auf diese Website setzt die Bedingung von <strong>USER<\/strong> voraus, der freiwillig auf diese Website zugreift. Der Zugang und die Navigation auf dieser Website impliziert die Annahme und Kenntnisnahme der rechtlichen Warnungen, Bedingungen und Nutzungsbedingungen der Website. Der blo\u00dfe Zugang bedeutet nicht, irgendeine Gesch\u00e4ftsbeziehung einzugehen. Die Informationen, die auf der Website zur Verf\u00fcgung gestellt werden, sollen das Wissen der Benutzer \u00fcber die Aktivit\u00e4ten und Dienstleistungen von THE WEB erleichtern, die sich das Recht vorbeh\u00e4lt, zu jeder Zeit \u00c4nderungen, \u00c4nderungen, L\u00f6schungen oder Stornierungen vorzunehmen die Inhalte und in Form der Pr\u00e4sentation derselben, die f\u00fcr die Erbringung der Dienstleistungen notwendig erscheint. Diese Befugnis gibt Nutzern keinen Anspruch auf Schadenersatz. Daher wird empfohlen, <strong>USER<\/strong> diesen rechtlichen Hinweis so oft zu lesen, wie Sie auf das Internet zugreifen.<\/p>\n<p>&nbsp;<\/p>\n<p><strong>UNSACHGEM\u00c4SSE VERWENDUNG<\/strong><\/p>\n<p><strong>DER ANWENDER<\/strong> \u00fcbernimmt die Verantwortung f\u00fcr die Nutzung von <strong>DAS WEB<\/strong>. Er verpflichtet sich, die Website gut zu nutzen und wahrheitsgem\u00e4\u00dfe und rechtm\u00e4\u00dfige Informationen bereitzustellen, die kein gesetzwidriges Verhalten zulassen , die Rechte oder Interessen Dritter.<\/p>\n<p>Die Nutzung bestimmter Dienste oder Anfragen an <strong>DAS WEB<\/strong> wird an den vorherigen Abschluss der entsprechenden Form der Datenerhebung angepasst. F\u00fcr diese Zwecke ist <strong>DER BENUTZER<\/strong> verantwortlich f\u00fcr falsche oder ungenaue Informationen, die gemacht oder kommuniziert werden k\u00f6nnen und f\u00fcr Sch\u00e4den, die <strong>DAS WEB<\/strong> verursacht haben.<\/p>\n<p>&nbsp;<\/p>\n<p><strong>AUSSCHLUSS VON GEW\u00c4HRLEISTUNGEN UND HAFTUNG<\/strong><\/p>\n<p><strong>DAS WEB<\/strong> ist nicht verantwortlich f\u00fcr den Missbrauch der Inhalte der Website und ist in keinem Fall verantwortlich f\u00fcr Sch\u00e4den jeglicher Art, die den Betrieb der Website verursachen k\u00f6nnten Die Website und \/ oder ihre Dienste garantieren weder die N\u00fctzlichkeit der Website, noch dass der Benutzer die Website oder die angebotenen Dienstleistungen jederzeit nutzen kann.<\/p>\n<p><strong>DAS WEB<\/strong> kann nicht f\u00fcr die Zuverl\u00e4ssigkeit, Richtigkeit, Vollst\u00e4ndigkeit und Aktualit\u00e4t der Inhalte und somit f\u00fcr jegliche Art von Haftung garantieren, die direkt oder indirekt durch die Informationen an die auf das \u00fcber das Web zugegriffen wird. Das WEB erkl\u00e4rt jedoch, dass sie im Rahmen ihrer M\u00f6glichkeiten und des Stands der Technik alle notwendigen Ma\u00dfnahmen ergriffen haben, um das Funktionieren der Website zu gew\u00e4hrleisten und das Vorhandensein und die \u00dcbertragung von Viren und anderen sch\u00e4dlichen Komponenten f\u00fcr die Benutzer zu verhindern.<\/p>\n<p>&nbsp;<\/p>\n<p><strong>LINKS<\/strong><\/p>\n<p>F\u00fcr den Fall, dass die Website Links oder Hyperlinks zu anderen Internetseiten enth\u00e4lt, wird <strong>DAS WEB<\/strong> keinerlei Kontrolle \u00fcber diese Seiten und Inhalte aus\u00fcben, in keinem Fall \u00fcbernimmt es eine Verantwortung daf\u00fcr den Inhalt eines Links, der zu einer Website eines Dritten geh\u00f6rt.<\/p>\n<p>&nbsp;<\/p>\n<p><strong>DATENSCHUTZ UND DATENSCHUTZERKL\u00c4RUNG<\/strong><\/p>\n<p>Er informiert die <strong>Nutzer<\/strong>, dass alle Daten, die Sie in eine erstellte Datei aufgenommen werden liefern und unter der Verantwortung der Bahn, um die Lieferung von Informationen angefordert, bietet die interessierten Angebote aufrechterhalten zu verwalten Produkte und Dienstleistungen Ihres Interesses und verbessern Sie Ihre Benutzererfahrung, in der Lage, wenn notwendig, ein kommerzielles Profil, basierend auf den bereitgestellten Informationen zu erarbeiten. Basierend auf diesem Profil werden keine automatisierten Entscheidungen getroffen. Die bereitgestellten personenbezogenen Daten werden so lange aufbewahrt, wie die Gesch\u00e4ftsbeziehung aufrechterhalten wird, und ihre L\u00f6schung wird von der interessierten Partei nicht verlangt.<\/p>\n<p>Diese Webseite enth\u00e4lt Datenerfassungsformulare, damit Benutzer der Seite uns kontaktieren oder ihre Fragen und Vorschl\u00e4ge senden k\u00f6nnen, und wir halten die gesetzlichen Anforderungen bez\u00fcglich des Datenschutzes ein.<\/p>\n<p>&#8220;In \u00dcbereinstimmung mit den Bestimmungen der geltenden Rechtsvorschriften \u00fcber den Schutz personenbezogener Daten, informieren wir Sie, dass Ihre Daten in das Behandlungssystem von <strong>THE WEB<\/strong>, um ihre consutlas Besitz aufgenommen werden zu treffen und Informationen senden In \u00dcbereinstimmung mit den geltenden Vorschriften informiert <strong>DAS WEB<\/strong>, dass die Daten f\u00fcr den Zeitraum aufbewahrt werden, der unbedingt erforderlich ist, um die oben genannten Vorschriften zu erf\u00fcllen.&#8221;<\/p>\n<p>Bis Sie uns etwas anderes mitteilen, verstehen wir, dass Ihre Daten nicht ge\u00e4ndert wurden, dass Sie sich einverstanden erkl\u00e4ren, uns \u00fcber Abweichungen zu informieren, und dass wir Ihre Einwilligung haben, sie f\u00fcr die genannten Zwecke zu verwenden.<\/p>\n<p><strong>DAS WEB<\/strong> informiert dar\u00fcber, dass es mit der Verarbeitung der Daten auf gesetzm\u00e4\u00dfige, loyale, transparente, angemessene, relevante, begrenzte, genaue und aktualisierte Weise fortfahren wird. Deshalb verpflichtet sich <strong>DAS WEB<\/strong>, alle zumutbaren Ma\u00dfnahmen zu ergreifen, damit diese unverz\u00fcglich, wenn sie nicht stimmen, unterdr\u00fcckt oder berichtigt werden.<\/p>\n<p>Gem\u00e4\u00df Rechten im Rahmen verliehenen geltenden Vorschriften im Bereich Datenschutz k\u00f6nnen Sie die Rechte auf Auskunft, Berichtigung, die Begrenzung der Behandlung, Unterdr\u00fcckung, Portabilit\u00e4t und Widerstand gegen die Verarbeitung personenbezogener Daten aus\u00fcben und die Zustimmung zu dem Behandlung von ihnen, Ihre Anfrage an die Postanschrift oder E-Mail \u00fcber <a href=\"mailto:info@casaruraljarita.com\" class=\"lopd\"> info@casaruraljarita.com<\/a> lenken.<\/p>\n<p>Im Gegenzug informieren wir Sie, dass Sie uns schriftlich an die E-Mail kontaktieren k\u00f6nnen <a href=\"mailto:info@casaruraljarita.com\" class=\"lopd\"> info@casaruraljarita.com<\/a> oder Telefon <a href=\"tel:+34679312959\" class=\"lopd\">679.312.959<\/a>, <a href=\"tel:+34922558971\" class=\"lopd\">922.558.971<\/a> und <a href=\"tel:+34922646671\" class=\"lopd\">922.646.671<\/a>.<\/p>\n<p>Sie k\u00f6nnen sich an die zust\u00e4ndige Kontrollbeh\u00f6rde wenden, um den Anspruch vorzubringen, den Sie f\u00fcr angemessen halten.<\/p>\n<p>Mit dem Absenden des verwendeten Datenerfassungsformulars akzeptieren Sie die Datenschutzerkl\u00e4rung von <strong>DAS WEB<\/strong>.<\/p>\n<p>[\/et_pb_text][\/et_pb_column][\/et_pb_row][\/et_pb_section][et_pb_section bb_built=&#8221;1&#8243; admin_label=&#8221;Section&#8221; fullwidth=&#8221;off&#8221; specialty=&#8221;off&#8221; parallax_method=&#8221;off&#8221; custom_padding=&#8221;0px||0px|&#8221; background_color=&#8221;#3c3d41&#8243; _builder_version=&#8221;3.0.91&#8243; prev_background_color=&#8221;#ffffff&#8221; global_module=&#8221;4283&#8243;][et_pb_row admin_label=&#8221;Row&#8221; global_parent=&#8221;4283&#8243; make_fullwidth=&#8221;on&#8221; use_custom_width=&#8221;off&#8221; width_unit=&#8221;on&#8221; use_custom_gutter=&#8221;off&#8221; gutter_width=&#8221;2&#8243; padding_mobile=&#8221;on&#8221; allow_player_pause=&#8221;off&#8221; parallax=&#8221;off&#8221; parallax_method=&#8221;off&#8221; make_equal=&#8221;off&#8221; parallax_1=&#8221;off&#8221; parallax_method_1=&#8221;off&#8221; column_padding_mobile=&#8221;on&#8221; custom_padding=&#8221;30px||30px|&#8221; parallax_2=&#8221;off&#8221; parallax_method_2=&#8221;off&#8221; parallax_3=&#8221;off&#8221; parallax_method_3=&#8221;off&#8221;][et_pb_column type=&#8221;2_3&#8243;][et_pb_text admin_label=&#8221;Text&#8221; global_parent=&#8221;4283&#8243; text_font=&#8221;Raleway|on|||&#8221; text_font_size=&#8221;28&#8243; text_text_color=&#8221;#ffffff&#8221; text_line_height=&#8221;1.4em&#8221; use_border_color=&#8221;off&#8221; custom_margin=&#8221;||8px|&#8221; custom_css_main_element=&#8221;font-weight: 800;&#8221; border_color_all=&#8221;#ffffff&#8221; _builder_version=&#8221;3.2&#8243;]<\/p>\n<div><span style=\"font-weight: normal;vertical-align: middle;color: #ededed;font-size: 12px\">\u00a9 2018. Casa Rural La Jarita &nbsp;|&nbsp; Design und Hosting by <a href=\"https:\/\/www.hgmnetwork.com\" class=\"link-footer\">HGM NETWORK<\/a> &nbsp;|&nbsp; <a href=\"https:\/\/www.casaruraljarita.com\/de\/politica-de-cookies\/\" class=\"link-footer\">Cookierichtlinien<\/a> &nbsp;|&nbsp; <a href=\"https:\/\/www.casaruraljarita.com\/de\/politica-de-privacidad\/\" class=\"link-footer\">Datenschutzrichtlinie<\/a><\/span><\/div>\n<p>[\/et_pb_text][\/et_pb_column][et_pb_column type=&#8221;1_3&#8243;][et_pb_social_media_follow admin_label=&#8221;Social Media Follow&#8221; global_parent=&#8221;4283&#8243; link_shape=&#8221;circle&#8221; background_layout=&#8221;light&#8221; url_new_window=&#8221;off&#8221; follow_button=&#8221;off&#8221; custom_css_main_element=&#8221;float:right;&#8221; border_radii=&#8221;on|100%|100%|100%|100%&#8221;][et_pb_social_media_follow_network social_network=&#8221;facebook&#8221; url=&#8221;https:\/\/www.facebook.com\/C.R.Jarita&#8221; skype_action=&#8221;call&#8221; bg_color=&#8221;#3b5998&#8243;]<\/p>\n<p>Facebook<\/p>\n<p>[\/et_pb_social_media_follow_network][\/et_pb_social_media_follow][\/et_pb_column][\/et_pb_row][\/et_pb_section]<\/p>","protected":false},"excerpt":{"rendered":"<p><div class=\"et_pb_row et_pb_row_0 et_pb_row_empty\">\n\t\t\t\t\n\t\t\t\t\n\t\t\t\t\n\t\t\t\t\n\t\t\t\t\n\t\t\t<\/div> Datenschutzrichtlinie Verantwortungsvolle Behandlung Firmenname: Rub\u00e9n Acosta Morales NIF\/CIF: 78559253Q Addresse: Calle Asomada del Pueblo, S\/N &#8211; 38914 El Pinar, El Hierro (TENERIFE) Email: info@casaruraljarita.com Telefon: 679 312 959 922 558 971 922 646 671 Zweck Es sind die Informationen, die von den interessierten Personen zur Verf\u00fcgung gestellt werden, um die Lieferung der von ihnen [&hellip;]<\/p>\n","protected":false},"author":1,"featured_media":0,"parent":0,"menu_order":0,"comment_status":"closed","ping_status":"closed","template":"","meta":{"_et_pb_use_builder":"on","_et_pb_old_content":"","_et_gb_content_width":"","footnotes":""},"class_list":["post-4316","page","type-page","status-publish","hentry"],"_links":{"self":[{"href":"https:\/\/www.casaruraljarita.com\/de\/wp-json\/wp\/v2\/pages\/4316","targetHints":{"allow":["GET"]}}],"collection":[{"href":"https:\/\/www.casaruraljarita.com\/de\/wp-json\/wp\/v2\/pages"}],"about":[{"href":"https:\/\/www.casaruraljarita.com\/de\/wp-json\/wp\/v2\/types\/page"}],"author":[{"embeddable":true,"href":"https:\/\/www.casaruraljarita.com\/de\/wp-json\/wp\/v2\/users\/1"}],"replies":[{"embeddable":true,"href":"https:\/\/www.casaruraljarita.com\/de\/wp-json\/wp\/v2\/comments?post=4316"}],"version-history":[{"count":15,"href":"https:\/\/www.casaruraljarita.com\/de\/wp-json\/wp\/v2\/pages\/4316\/revisions"}],"predecessor-version":[{"id":4335,"href":"https:\/\/www.casaruraljarita.com\/de\/wp-json\/wp\/v2\/pages\/4316\/revisions\/4335"}],"wp:attachment":[{"href":"https:\/\/www.casaruraljarita.com\/de\/wp-json\/wp\/v2\/media?parent=4316"}],"curies":[{"name":"wp","href":"https:\/\/api.w.org\/{rel}","templated":true}]}}