{"id":23,"date":"2017-03-06T11:14:17","date_gmt":"2017-03-06T11:14:17","guid":{"rendered":"http:\/\/www.casaruraljarita.com\/?page_id=23"},"modified":"2018-01-18T10:20:12","modified_gmt":"2018-01-18T10:20:12","slug":"lugares-de-interes","status":"publish","type":"page","link":"https:\/\/www.casaruraljarita.com\/de\/lugares-de-interes\/","title":{"rendered":"Lugares de Inter\u00e9s"},"content":{"rendered":"<p>[et_pb_section bb_built=&#8221;1&#8243; fullwidth=&#8221;off&#8221; specialty=&#8221;off&#8221; background_image=&#8221;https:\/\/www.casaruraljarita.com\/wp-content\/uploads\/2017\/03\/banner-pages.jpg&#8221; transparent_background=&#8221;off&#8221; allow_player_pause=&#8221;off&#8221; inner_shadow=&#8221;off&#8221; parallax=&#8221;off&#8221; parallax_method=&#8221;off&#8221; make_fullwidth=&#8221;off&#8221; use_custom_width=&#8221;off&#8221; width_unit=&#8221;on&#8221; make_equal=&#8221;off&#8221; use_custom_gutter=&#8221;off&#8221;][et_pb_row make_fullwidth=&#8221;on&#8221; use_custom_width=&#8221;off&#8221; width_unit=&#8221;on&#8221; use_custom_gutter=&#8221;off&#8221; allow_player_pause=&#8221;off&#8221; parallax=&#8221;off&#8221; parallax_method=&#8221;off&#8221; make_equal=&#8221;off&#8221; parallax_1=&#8221;off&#8221; parallax_method_1=&#8221;off&#8221;][et_pb_column type=&#8221;4_4&#8243;][et_pb_text background_layout=&#8221;light&#8221; text_orientation=&#8221;center&#8221; text_font=&#8221;|on|||&#8221; text_font_size=&#8221;40&#8243; text_text_color=&#8221;#ffffff&#8221; text_line_height=&#8221;1.8em&#8221; use_border_color=&#8221;off&#8221; border_color=&#8221;#ffffff&#8221; border_style=&#8221;solid&#8221;]<\/p>\n<p>Attraktionen<\/p>\n<p>[\/et_pb_text][\/et_pb_column][\/et_pb_row][\/et_pb_section][et_pb_section bb_built=&#8221;1&#8243; fullwidth=&#8221;off&#8221; specialty=&#8221;off&#8221;][et_pb_row make_fullwidth=&#8221;on&#8221; use_custom_width=&#8221;off&#8221; width_unit=&#8221;on&#8221; use_custom_gutter=&#8221;on&#8221; gutter_width=&#8221;2&#8243; allow_player_pause=&#8221;off&#8221; parallax=&#8221;off&#8221; parallax_method=&#8221;off&#8221; make_equal=&#8221;off&#8221; parallax_1=&#8221;off&#8221; parallax_method_1=&#8221;off&#8221; parallax_2=&#8221;off&#8221; parallax_method_2=&#8221;off&#8221; parallax_3=&#8221;off&#8221; parallax_method_3=&#8221;off&#8221;][et_pb_column type=&#8221;1_3&#8243;][et_pb_text admin_label=&#8221;TACOR\u00d3N &#8221; background_layout=&#8221;light&#8221; text_orientation=&#8221;left&#8221; use_border_color=&#8221;off&#8221; border_color=&#8221;#ffffff&#8221; border_style=&#8221;solid&#8221; border_color_all=&#8221;#ffffff&#8221; border_style_all=&#8221;solid&#8221;]<\/p>\n<div class=\"frame-titulo-servicio\">TACOR\u00d3N &#8211; 15 Km<\/div>\n<div class=\"frame-lugares\">\nBadestelle , im Meer der Ruhe gelegen. Wo kann man Schnorcheln, ganz in der N\u00e4he der Marine Reserve.\n<\/div>\n<p>[\/et_pb_text][\/et_pb_column][et_pb_column type=&#8221;1_3&#8243;][et_pb_text admin_label=&#8221;WEG &#8221; background_layout=&#8221;light&#8221; text_orientation=&#8221;left&#8221; use_border_color=&#8221;off&#8221; border_color=&#8221;#ffffff&#8221; border_style=&#8221;solid&#8221;]<\/p>\n<div class=\"frame-titulo-servicio\">WEG &#8211; 0 Km<\/div>\n<div class=\"frame-lugares\">\nDas Haus liegt sehr nahe an den Start mehrerer Pfade zu den Str\u00e4nden und zu <strong>El Mirador de las Playas<\/strong>. Dieser Weg Str\u00e4nde k\u00f6nnen in Umlauf gebracht werden, Ausfahrt in Richtung <strong>Parador de Turismo<\/strong> (ein Kaffee) ein Bad in Las Playas nehmen und den Weg zu El Mirador de Isora hinauf, f\u00fcr einen Drink in Isora stoppen und vorbei am Berg Mirador de Las Playas nach <strong>Las Casas (La Jarita)<\/strong> zur\u00fcckzukehren. Es ist ein Weg von etwa 8 Stunden und gut vorbereitet sein m\u00fcssen. Es gibt auch Zugang zu Wanderwegen , die zu den Pinienwald von <strong>El Pinar<\/strong> und Erholungsgebiet von <strong>El Morcillo<\/strong> gehen.\n<\/div>\n<p>[\/et_pb_text][\/et_pb_column][et_pb_column type=&#8221;1_3&#8243;][et_pb_text admin_label=&#8221;LA RESTINGA&#8221; background_layout=&#8221;light&#8221; text_orientation=&#8221;left&#8221; use_border_color=&#8221;off&#8221; border_color=&#8221;#ffffff&#8221; border_style=&#8221;solid&#8221;]<\/p>\n<div class=\"frame-titulo-servicio\">LA RESTINGA &#8211; 18 Km<\/div>\n<div class=\"frame-lugares\">\nFischerdorf , wo sich die meisten Tauchzentren , zum Tauchen. Zur gleichen Zeit gibt es mehrere Restaurants, in denen die Spezialit\u00e4t frischen Fisch ist.\n<\/div>\n<p>[\/et_pb_text][\/et_pb_column][\/et_pb_row][\/et_pb_section][et_pb_section bb_built=&#8221;1&#8243; admin_label=&#8221;Section&#8221; fullwidth=&#8221;off&#8221; specialty=&#8221;off&#8221; transparent_background=&#8221;off&#8221; allow_player_pause=&#8221;off&#8221; inner_shadow=&#8221;off&#8221; parallax=&#8221;off&#8221; parallax_method=&#8221;off&#8221; custom_padding=&#8221;0px||0px|&#8221; padding_mobile=&#8221;on&#8221; make_fullwidth=&#8221;off&#8221; use_custom_width=&#8221;off&#8221; width_unit=&#8221;on&#8221; make_equal=&#8221;off&#8221; use_custom_gutter=&#8221;off&#8221; custom_padding_tablet=&#8221;0px||0px|&#8221;][et_pb_row admin_label=&#8221;Row&#8221; make_fullwidth=&#8221;on&#8221; use_custom_width=&#8221;off&#8221; width_unit=&#8221;on&#8221; use_custom_gutter=&#8221;on&#8221; gutter_width=&#8221;1&#8243; padding_mobile=&#8221;on&#8221; allow_player_pause=&#8221;off&#8221; parallax=&#8221;off&#8221; parallax_method=&#8221;off&#8221; make_equal=&#8221;off&#8221; parallax_1=&#8221;off&#8221; parallax_method_1=&#8221;off&#8221; column_padding_mobile=&#8221;on&#8221; custom_padding=&#8221;0px||0px|&#8221;][et_pb_column type=&#8221;4_4&#8243;][et_pb_map admin_label=&#8221;Map&#8221; address=&#8221;Calle Asomada del Pueblo, 38914, Santa Cruz de Tenerife, Espa\u00f1a&#8221; zoom_level=&#8221;15&#8243; address_lat=&#8221;27.7172078&#8243; address_lng=&#8221;-17.977342499999963&#8243; mouse_wheel=&#8221;off&#8221; use_grayscale_filter=&#8221;on&#8221; grayscale_filter_amount=&#8221;100&#8243; mobile_dragging=&#8221;on&#8221; child_filter_saturate=&#8221;0%&#8221;]<\/p>\n<p>[et_pb_map_pin pin_address=&#8221;Calle Asomada del Pueblo, 38914, Santa Cruz de Tenerife, Espa\u00f1a&#8221; pin_address_lat=&#8221;27.7172078&#8243; pin_address_lng=&#8221;-17.977342499999963&#8243;]<\/p>\n<p><img decoding=\"async\" src=\"https:\/\/www.casaruraljarita.com\/wp-content\/uploads\/2017\/03\/logo-mapa.png\"><br \/>\n&nbsp;<\/p>\n<p style=\"color: black;\">Calle Asomada del Pueblo, S\/N (38914) El Pinar, El Hierro &#8211; <strong>Santa Cruz de Tenerife<\/strong><\/p>\n<p>&nbsp;<\/p>\n<p>[\/et_pb_map_pin]<\/p>\n<p>[\/et_pb_map][\/et_pb_column][\/et_pb_row][\/et_pb_section][et_pb_section bb_built=&#8221;1&#8243; admin_label=&#8221;Section&#8221; fullwidth=&#8221;off&#8221; specialty=&#8221;off&#8221; parallax_method=&#8221;off&#8221; custom_padding=&#8221;0px||0px|&#8221; background_color=&#8221;#3c3d41&#8243; _builder_version=&#8221;3.0.91&#8243; global_module=&#8221;4283&#8243;][et_pb_row admin_label=&#8221;Row&#8221; global_parent=&#8221;4283&#8243; make_fullwidth=&#8221;on&#8221; use_custom_width=&#8221;off&#8221; width_unit=&#8221;on&#8221; use_custom_gutter=&#8221;off&#8221; gutter_width=&#8221;2&#8243; padding_mobile=&#8221;on&#8221; allow_player_pause=&#8221;off&#8221; parallax=&#8221;off&#8221; parallax_method=&#8221;off&#8221; make_equal=&#8221;off&#8221; parallax_1=&#8221;off&#8221; parallax_method_1=&#8221;off&#8221; column_padding_mobile=&#8221;on&#8221; custom_padding=&#8221;30px||30px|&#8221; parallax_2=&#8221;off&#8221; parallax_method_2=&#8221;off&#8221; parallax_3=&#8221;off&#8221; parallax_method_3=&#8221;off&#8221;][et_pb_column type=&#8221;2_3&#8243;][et_pb_text admin_label=&#8221;Text&#8221; global_parent=&#8221;4283&#8243; background_layout=&#8221;light&#8221; text_font=&#8221;Raleway|on|||&#8221; text_font_size=&#8221;28&#8243; text_text_color=&#8221;#ffffff&#8221; text_line_height=&#8221;1.4em&#8221; use_border_color=&#8221;off&#8221; custom_margin=&#8221;||8px|&#8221; custom_css_main_element=&#8221;font-weight: 800;&#8221; border_color_all=&#8221;#ffffff&#8221; _builder_version=&#8221;3.0.91&#8243;]<\/p>\n<div><span style=\"font-weight: normal;vertical-align: middle;color: #ededed;font-size: 12px\">\u00a9 2018. Casa Rural La Jarita &nbsp;|&nbsp; Design und Hosting by <a href=\"https:\/\/www.hgmnetwork.com\" class=\"link-footer\">HGM NETWORK<\/a> &nbsp;|&nbsp; <a href=\"https:\/\/www.casaruraljarita.com\/de\/politica-de-cookies\/\" class=\"link-footer\">Cookierichtlinien<\/a><\/span><\/div>\n<p>[\/et_pb_text][\/et_pb_column][et_pb_column type=&#8221;1_3&#8243;][et_pb_social_media_follow admin_label=&#8221;Social Media Follow&#8221; global_parent=&#8221;4283&#8243; link_shape=&#8221;circle&#8221; background_layout=&#8221;light&#8221; url_new_window=&#8221;off&#8221; follow_button=&#8221;off&#8221; custom_css_main_element=&#8221;float:right;&#8221; border_radii=&#8221;on|100%|100%|100%|100%&#8221;]<\/p>\n<p>[et_pb_social_media_follow_network social_network=&#8221;facebook&#8221; url=&#8221;https:\/\/www.facebook.com\/C.R.Jarita&#8221; skype_action=&#8221;call&#8221; bg_color=&#8221;#3b5998&#8243;]<\/p>\n<p>Facebook<\/p>\n<p>[\/et_pb_social_media_follow_network]<\/p>\n<p>[\/et_pb_social_media_follow][\/et_pb_column][\/et_pb_row][\/et_pb_section]<\/p>","protected":false},"excerpt":{"rendered":"<p>Attraktionen TACOR\u00d3N &#8211; 15 Km Badestelle , im Meer der Ruhe gelegen. Wo kann man Schnorcheln, ganz in der N\u00e4he der Marine Reserve. WEG &#8211; 0 Km Das Haus liegt sehr nahe an den Start mehrerer Pfade zu den Str\u00e4nden und zu El Mirador de las Playas. Dieser Weg Str\u00e4nde k\u00f6nnen in Umlauf gebracht werden, [&hellip;]<\/p>\n","protected":false},"author":1,"featured_media":0,"parent":0,"menu_order":0,"comment_status":"closed","ping_status":"closed","template":"","meta":{"_et_pb_use_builder":"on","_et_pb_old_content":"","_et_gb_content_width":"","footnotes":""},"class_list":["post-23","page","type-page","status-publish","hentry"],"_links":{"self":[{"href":"https:\/\/www.casaruraljarita.com\/de\/wp-json\/wp\/v2\/pages\/23","targetHints":{"allow":["GET"]}}],"collection":[{"href":"https:\/\/www.casaruraljarita.com\/de\/wp-json\/wp\/v2\/pages"}],"about":[{"href":"https:\/\/www.casaruraljarita.com\/de\/wp-json\/wp\/v2\/types\/page"}],"author":[{"embeddable":true,"href":"https:\/\/www.casaruraljarita.com\/de\/wp-json\/wp\/v2\/users\/1"}],"replies":[{"embeddable":true,"href":"https:\/\/www.casaruraljarita.com\/de\/wp-json\/wp\/v2\/comments?post=23"}],"version-history":[{"count":15,"href":"https:\/\/www.casaruraljarita.com\/de\/wp-json\/wp\/v2\/pages\/23\/revisions"}],"predecessor-version":[{"id":4289,"href":"https:\/\/www.casaruraljarita.com\/de\/wp-json\/wp\/v2\/pages\/23\/revisions\/4289"}],"wp:attachment":[{"href":"https:\/\/www.casaruraljarita.com\/de\/wp-json\/wp\/v2\/media?parent=23"}],"curies":[{"name":"wp","href":"https:\/\/api.w.org\/{rel}","templated":true}]}}